{"id":3,"date":"2026-01-11T11:51:38","date_gmt":"2026-01-11T11:51:38","guid":{"rendered":"http:\/\/www.kusluktayazarlar.com\/?page_id=3"},"modified":"2026-02-16T19:39:57","modified_gmt":"2026-02-16T19:39:57","slug":"privacy-policy","status":"publish","type":"page","link":"http:\/\/www.kusluktayazarlar.com\/index.php\/privacy-policy\/","title":{"rendered":"Hakk\u0131m\u0131zda"},"content":{"rendered":"\n<h2 class=\"wp-block-heading\">Kurumsal Yap\u0131<\/h2>\n\n\n\n<p>Ku\u015flukta yazarlar toplu\u011fu 2011 y\u0131l\u0131nda bir gurup yazar taraf\u0131ndan T\u00fcrk Ocaklar\u0131 alt\u0131nda olu\u015fturulan bir gruptur <\/p>\n\n\n\n<p><\/p>\n\n\n\n<h2 class=\"wp-block-heading\">Amac\u0131m\u0131z<\/h2>\n\n\n\n<p>Edebiyat d\u00fcnyas\u0131na eserler kazand\u0131rmak \u00fczere yaz\u0131lan roman, hikaye, \u015fiir ve deneme t\u00fcr\u00fcnde eserlerin irdeleyip \u00f6nerilerde bulunmak<\/p>\n\n\n\n<h2 class=\"wp-block-heading\">G\u00f6revimiz<\/h2>\n\n\n\n<p><\/p>\n\n\n\n<h2 class=\"wp-block-heading\">Kurucu yazarlar\u0131m\u0131z<\/h2>\n\n\n\n<p>&#8230;.<\/p>\n\n\n\n<p><\/p>\n\n\n\n<p><\/p>\n\n\n\n<h2 class=\"wp-block-heading\">\u00dcyelerimiz<\/h2>\n\n\n\n<p>&#8230;<\/p>\n\n\n\n<p><\/p>\n\n\n\n<p><\/p>\n\n\n\n<p><\/p>\n","protected":false},"excerpt":{"rendered":"<p>Kurumsal Yap\u0131 Ku\u015flukta yazarlar toplu\u011fu 2011 y\u0131l\u0131nda bir gurup yazar taraf\u0131ndan T\u00fcrk Ocaklar\u0131 alt\u0131nda olu\u015fturulan bir gruptur Amac\u0131m\u0131z Edebiyat d\u00fcnyas\u0131na eserler kazand\u0131rmak \u00fczere yaz\u0131lan roman, hikaye, \u015fiir ve deneme t\u00fcr\u00fcnde eserlerin irdeleyip \u00f6nerilerde bulunmak G\u00f6revimiz Kurucu yazarlar\u0131m\u0131z &#8230;. \u00dcyelerimiz &#8230;<\/p>\n","protected":false},"author":1,"featured_media":0,"parent":0,"menu_order":0,"comment_status":"closed","ping_status":"open","template":"","meta":{"footnotes":""},"class_list":["post-3","page","type-page","status-publish","hentry"],"_links":{"self":[{"href":"http:\/\/www.kusluktayazarlar.com\/index.php\/wp-json\/wp\/v2\/pages\/3","targetHints":{"allow":["GET"]}}],"collection":[{"href":"http:\/\/www.kusluktayazarlar.com\/index.php\/wp-json\/wp\/v2\/pages"}],"about":[{"href":"http:\/\/www.kusluktayazarlar.com\/index.php\/wp-json\/wp\/v2\/types\/page"}],"author":[{"embeddable":true,"href":"http:\/\/www.kusluktayazarlar.com\/index.php\/wp-json\/wp\/v2\/users\/1"}],"replies":[{"embeddable":true,"href":"http:\/\/www.kusluktayazarlar.com\/index.php\/wp-json\/wp\/v2\/comments?post=3"}],"version-history":[{"count":1,"href":"http:\/\/www.kusluktayazarlar.com\/index.php\/wp-json\/wp\/v2\/pages\/3\/revisions"}],"predecessor-version":[{"id":68,"href":"http:\/\/www.kusluktayazarlar.com\/index.php\/wp-json\/wp\/v2\/pages\/3\/revisions\/68"}],"wp:attachment":[{"href":"http:\/\/www.kusluktayazarlar.com\/index.php\/wp-json\/wp\/v2\/media?parent=3"}],"curies":[{"name":"wp","href":"https:\/\/api.w.org\/{rel}","templated":true}]}}